{"id":31776,"date":"2025-10-28T09:06:31","date_gmt":"2025-10-28T09:06:31","guid":{"rendered":"https:\/\/estades.com\/?page_id=31776"},"modified":"2026-03-24T13:07:08","modified_gmt":"2026-03-24T13:07:08","slug":"monumental-art","status":"publish","type":"page","link":"https:\/\/www.estades.com\/en\/about-us\/monumental-art\/","title":{"rendered":"Monumental Art"},"content":{"rendered":"\n<h2 class=\"wp-block-heading\" style=\"margin-bottom:30px\"><strong>A permanent selection of large-scale works: 1.3 metres to 2 metres and beyond<\/strong><\/h2>\n\n\n\n<p>Since 2012, Galeries Estades has developed a department dedicated to Monumental Art.<\/p>\n\n\n\n<p>In close collaboration with several sculptors, this art form now finds expression in parks and gardens, as well as around the pools of partner hotels \u2013 privileged settings for creating and hosting original exhibitions.<\/p>\n\n\n\n<p>All works displayed in situ are available for sale, offering visitors and potential collectors the opportunity to acquire exceptional pieces. Galerie Estades also manages worldwide shipping directly from the exhibition site to the buyer\u2019s residence.<\/p>\n\n\n\n<p>In addition, large-scale works are regularly presented in the four Galeries Estades locations, contributing to the dynamic rhythm of solo exhibitions dedicated to their painters and sculptors.<\/p>\n\n\n\n<p>Galeries Estades also undertakes special commissions to bring to life projects conceived by private clients and real estate professionals (architects, landscape designers, pool designers, developers, etc.).<\/p>\n\n\n\n<p>Around ten sculptors are represented in this department : <a href=\"https:\/\/www.estades.com\/damien-colcombet\/\">Colcombet<\/a>, <a href=\"https:\/\/www.estades.com\/sylvie-derely\/\">Derely<\/a>, <a href=\"https:\/\/www.estades.com\/jenny-jacottet\/\">Jacottet<\/a>, <a href=\"https:\/\/www.estades.com\/christophe-jehan\/\">Jehan<\/a>, <a href=\"https:\/\/www.estades.com\/sylvie-mangaud\/\">Mangaud<\/a>, <a href=\"https:\/\/www.estades.com\/chantal-porras\/\">Porras<\/a>, <a href=\"https:\/\/www.estades.com\/marine-de-soos\/\">de Soos<\/a>, \u2026<\/p>\n\n\n\n<div style=\"height:100px\" aria-hidden=\"true\" class=\"wp-block-spacer\"><\/div>\n\n\n\n<div class=\"wp-block-group is-content-justification-center is-nowrap is-layout-flex wp-container-core-group-is-layout-23441af8 wp-block-group-is-layout-flex\">\n<figure class=\"wp-block-image aligncenter size-full text-center\" style=\"margin-bottom:0px\"><img decoding=\"async\" src=\"https:\/\/estades.com\/wp-content\/uploads\/2025\/10\/COLCOMBET-Damien-Les-orques-Bronze-Bronze-sculpture-Bronzeskulptur-27-x-84-x-19-cm-1-1.jpg\" alt=\"\" class=\"wp-image-31790\"\/><\/figure>\n<\/div>\n\n\n\n<div class=\"wp-block-group has-background has-global-padding is-layout-constrained wp-container-core-group-is-layout-43739d70 wp-block-group-is-layout-constrained\" style=\"background-color:#2d3739;margin-bottom:var(--wp--preset--spacing--40);padding-top:var(--wp--preset--spacing--40);padding-right:var(--wp--preset--spacing--50);padding-bottom:var(--wp--preset--spacing--40);padding-left:var(--wp--preset--spacing--50)\">\n<h3 class=\"wp-block-heading has-base-2-color has-text-color has-link-color wp-elements-acab331f131e0406ce3e9814b0a23b66\">Sublimez vos espaces avec une \u0153uvre monumentale d\u2019exception !<\/h3>\n\n\n\n<p class=\"has-base-2-color has-text-color has-link-color wp-elements-e5a0589050b47dbbc3125b202da86e87\">Les Galeries Estades accompagnent institutions, architectes, entreprises et collectionneurs priv\u00e9s dans la r\u00e9alisation de projets artistiques uniques. Chaque \u0153uvre monumentale fait l\u2019objet d\u2019un accompagnement personnalis\u00e9, de l\u2019\u00e9tude \u00e0 l\u2019installation, pour donner naissance \u00e0 une cr\u00e9ation sur mesure qui r\u00e9v\u00e8le toute la puissance d\u2019un lieu et l\u2019intention de ses commanditaires.<br><br>D\u00e9couvrez nos artistes sculpteurs : Colcombet, Derely, Jacottet, Jehan, Mangaud, Porras, de Soos, ..<\/p>\n\n\n\n<div class=\"wp-block-buttons btn-ct is-content-justification-center is-layout-flex wp-container-core-buttons-is-layout-d2a3880e wp-block-buttons-is-layout-flex\" style=\"margin-top:var(--wp--preset--spacing--30)\">\n<div class=\"wp-block-button\"><a class=\"wp-block-button__link has-border-color has-custom-font-size wp-element-button\" href=\"\/en\/contact\/\" style=\"border-color:#ffffff;border-width:1px;border-radius:0px;padding-right:var(--wp--preset--spacing--30);padding-left:var(--wp--preset--spacing--30);font-size:15px\">Contact Us<\/a><\/div>\n<\/div>\n<\/div>\n","protected":false},"excerpt":{"rendered":"<p>A permanent selection of large-scale works: 1.3 metres to 2 metres and beyond Since 2012, Galeries Estades has developed a department dedicated to Monumental Art. In close collaboration with several sculptors, this art form now finds expression in parks and&#8230;<\/p>\n","protected":false},"author":1,"featured_media":34378,"parent":31837,"menu_order":0,"comment_status":"closed","ping_status":"closed","template":"art-monumental.php","meta":{"footnotes":""},"class_list":["post-31776","page","type-page","status-publish","has-post-thumbnail","hentry"],"aioseo_notices":[],"_links":{"self":[{"href":"https:\/\/www.estades.com\/en\/wp-json\/wp\/v2\/pages\/31776","targetHints":{"allow":["GET"]}}],"collection":[{"href":"https:\/\/www.estades.com\/en\/wp-json\/wp\/v2\/pages"}],"about":[{"href":"https:\/\/www.estades.com\/en\/wp-json\/wp\/v2\/types\/page"}],"author":[{"embeddable":true,"href":"https:\/\/www.estades.com\/en\/wp-json\/wp\/v2\/users\/1"}],"replies":[{"embeddable":true,"href":"https:\/\/www.estades.com\/en\/wp-json\/wp\/v2\/comments?post=31776"}],"version-history":[{"count":5,"href":"https:\/\/www.estades.com\/en\/wp-json\/wp\/v2\/pages\/31776\/revisions"}],"predecessor-version":[{"id":33902,"href":"https:\/\/www.estades.com\/en\/wp-json\/wp\/v2\/pages\/31776\/revisions\/33902"}],"up":[{"embeddable":true,"href":"https:\/\/www.estades.com\/en\/wp-json\/wp\/v2\/pages\/31837"}],"wp:featuredmedia":[{"embeddable":true,"href":"https:\/\/www.estades.com\/en\/wp-json\/wp\/v2\/media\/34378"}],"wp:attachment":[{"href":"https:\/\/www.estades.com\/en\/wp-json\/wp\/v2\/media?parent=31776"}],"curies":[{"name":"wp","href":"https:\/\/api.w.org\/{rel}","templated":true}]}}