{"id":33574,"date":"2026-02-12T13:16:15","date_gmt":"2026-02-12T13:16:15","guid":{"rendered":"https:\/\/estades.com\/?page_id=33574"},"modified":"2026-02-12T15:04:56","modified_gmt":"2026-02-12T15:04:56","slug":"le-clown-vu-par-bernard-buffet","status":"publish","type":"page","link":"https:\/\/www.estades.com\/en\/bernard-buffet\/le-clown-vu-par-bernard-buffet\/","title":{"rendered":"Le clown vu par Bernard Buffet"},"content":{"rendered":"\n<p class=\"text-justify\">On peut compter parmi les th\u00e8mes favoris de Bernard Buffet : les horreurs de la guerre, la mythologie, la tauromachie et bien entendu le cirque. Ses clowns, c\u00e9l\u00e8bres dans le monde entier, sont devenus embl\u00e9matiques de son univers particulier, glauque et mis\u00e9rabiliste, avec un souffle qui fait de lui le digne successeur du grand Goya.<\/p>\n\n\n\n<p class=\"text-justify\">Buffet voit sa cote atteindre des sommets \u00e0 la fin des ann\u00e9es 1980 lorsque certains de ses tableaux, ses clowns notamment, d\u00e9passent la barre des cinq millions de francs en vente.<\/p>\n\n\n\n<p class=\"text-justify\">La popularit\u00e9 des clowns tient pour beaucoup \u00e0 la capacit\u00e9 de Buffet \u00e0 rendre l\u2019humeur de la soci\u00e9t\u00e9 fran\u00e7aise de l\u2019apr\u00e8s-guerre. Son trait, tout en lignes noires est sec, tranchant, ac\u00e9r\u00e9 semblent h\u00e9rit\u00e9es d\u2019ann\u00e9es de souffrance et de privation.<br>Ses clowns t\u00e9moignent avant tout de l\u2019angoisse existentialiste qui habite le peintre jusqu\u2019\u00e0 son suicide en 1999. Buffet n\u2019aime pas l\u2019Homme qu\u2019il trouve \u00ab nul \u00bb et \u00ab laid \u00bb (Mon Cirque, 1968). Le clown r\u00e9v\u00e8le, dramatise et magnifie une humanit\u00e9 maquill\u00e9e \u00e0 l\u2019int\u00e9rieur. En 1968, Buffet met en sc\u00e8ne son Cirque, celui du monde. l\u2019Auguste, flegmatique, questionne : \u00ab Et toi, \u00e0 quel cirque appartiens-tu ? \u00bb<\/p>\n","protected":false},"excerpt":{"rendered":"<p>On peut compter parmi les th\u00e8mes favoris de Bernard Buffet : les horreurs de la guerre, la mythologie, la tauromachie et bien entendu le cirque. Ses clowns, c\u00e9l\u00e8bres dans le monde entier, sont devenus embl\u00e9matiques de son univers particulier, glauque&#8230;<\/p>\n","protected":false},"author":1,"featured_media":33576,"parent":33577,"menu_order":0,"comment_status":"closed","ping_status":"closed","template":"","meta":{"footnotes":""},"class_list":["post-33574","page","type-page","status-publish","has-post-thumbnail","hentry"],"aioseo_notices":[],"_links":{"self":[{"href":"https:\/\/www.estades.com\/en\/wp-json\/wp\/v2\/pages\/33574","targetHints":{"allow":["GET"]}}],"collection":[{"href":"https:\/\/www.estades.com\/en\/wp-json\/wp\/v2\/pages"}],"about":[{"href":"https:\/\/www.estades.com\/en\/wp-json\/wp\/v2\/types\/page"}],"author":[{"embeddable":true,"href":"https:\/\/www.estades.com\/en\/wp-json\/wp\/v2\/users\/1"}],"replies":[{"embeddable":true,"href":"https:\/\/www.estades.com\/en\/wp-json\/wp\/v2\/comments?post=33574"}],"version-history":[{"count":1,"href":"https:\/\/www.estades.com\/en\/wp-json\/wp\/v2\/pages\/33574\/revisions"}],"predecessor-version":[{"id":33575,"href":"https:\/\/www.estades.com\/en\/wp-json\/wp\/v2\/pages\/33574\/revisions\/33575"}],"up":[{"embeddable":true,"href":"https:\/\/www.estades.com\/en\/wp-json\/wp\/v2\/pages\/33577"}],"wp:featuredmedia":[{"embeddable":true,"href":"https:\/\/www.estades.com\/en\/wp-json\/wp\/v2\/media\/33576"}],"wp:attachment":[{"href":"https:\/\/www.estades.com\/en\/wp-json\/wp\/v2\/media?parent=33574"}],"curies":[{"name":"wp","href":"https:\/\/api.w.org\/{rel}","templated":true}]}}